{"id":10349,"date":"2023-02-28T14:35:12","date_gmt":"2023-02-28T14:35:12","guid":{"rendered":"http:\/\/bolzplatz-magazin.com\/?page_id=10349"},"modified":"2023-05-18T19:01:07","modified_gmt":"2023-05-18T19:01:07","slug":"faq","status":"publish","type":"page","link":"https:\/\/bolzplatz-magazin.com\/en\/faq\/","title":{"rendered":"H\u00e4ufige Fragen"},"content":{"rendered":"<div data-elementor-type=\"wp-page\" data-elementor-id=\"10349\" class=\"elementor elementor-10349\" data-elementor-post-type=\"page\">\n\t\t\t\t\t\t<section class=\"elementor-section elementor-top-section elementor-element elementor-element-43b8cf8 elementor-section-boxed elementor-section-height-default elementor-section-height-default qodef-elementor-content-no\" data-id=\"43b8cf8\" data-element_type=\"section\" data-e-type=\"section\">\n\t\t\t\t\t\t<div class=\"elementor-container elementor-column-gap-default\">\n\t\t\t\t\t<div class=\"elementor-column elementor-col-100 elementor-top-column elementor-element elementor-element-efcea7a\" data-id=\"efcea7a\" data-element_type=\"column\" data-e-type=\"column\">\n\t\t\t<div class=\"elementor-widget-wrap elementor-element-populated\">\n\t\t\t\t\t\t<div class=\"elementor-element elementor-element-368d80b elementor-widget elementor-widget-toggle\" data-id=\"368d80b\" data-element_type=\"widget\" data-e-type=\"widget\" data-widget_type=\"toggle.default\">\n\t\t\t\t<div class=\"elementor-widget-container\">\n\t\t\t\t\t\t\t<div class=\"elementor-toggle\">\n\t\t\t\t\t\t\t<div class=\"elementor-toggle-item\">\n\t\t\t\t\t<div id=\"elementor-tab-title-5721\" class=\"elementor-tab-title\" data-tab=\"1\" role=\"button\" aria-controls=\"elementor-tab-content-5721\" aria-expanded=\"false\">\n\t\t\t\t\t\t\t\t\t\t\t\t<span class=\"elementor-toggle-icon elementor-toggle-icon-left\" aria-hidden=\"true\">\n\t\t\t\t\t\t\t\t\t\t\t\t\t\t\t<span class=\"elementor-toggle-icon-closed\"><i class=\"fas fa-caret-right\"><\/i><\/span>\n\t\t\t\t\t\t\t\t<span class=\"elementor-toggle-icon-opened\"><i class=\"elementor-toggle-icon-opened fas fa-caret-up\"><\/i><\/span>\n\t\t\t\t\t\t\t\t\t\t\t\t\t<\/span>\n\t\t\t\t\t\t\t\t\t\t\t\t<a class=\"elementor-toggle-title\" tabindex=\"0\">Wann erscheint die erste gedruckte Ausgabe des Bolzplatz Magazins?<\/a>\n\t\t\t\t\t<\/div>\n\n\t\t\t\t\t<div id=\"elementor-tab-content-5721\" class=\"elementor-tab-content elementor-clearfix\" data-tab=\"1\" role=\"region\" aria-labelledby=\"elementor-tab-title-5721\"><p>Der Ersterscheinungstermin ist f\u00fcr Mitte Oktober 2023 geplant. Wir halten euch \u00fcber unsere News-Seite und unsere Social Media Accounts auf dem Laufenden.<\/p><\/div>\n\t\t\t\t<\/div>\n\t\t\t\t\t\t\t<div class=\"elementor-toggle-item\">\n\t\t\t\t\t<div id=\"elementor-tab-title-5722\" class=\"elementor-tab-title\" data-tab=\"2\" role=\"button\" aria-controls=\"elementor-tab-content-5722\" aria-expanded=\"false\">\n\t\t\t\t\t\t\t\t\t\t\t\t<span class=\"elementor-toggle-icon elementor-toggle-icon-left\" aria-hidden=\"true\">\n\t\t\t\t\t\t\t\t\t\t\t\t\t\t\t<span class=\"elementor-toggle-icon-closed\"><i class=\"fas fa-caret-right\"><\/i><\/span>\n\t\t\t\t\t\t\t\t<span class=\"elementor-toggle-icon-opened\"><i class=\"elementor-toggle-icon-opened fas fa-caret-up\"><\/i><\/span>\n\t\t\t\t\t\t\t\t\t\t\t\t\t<\/span>\n\t\t\t\t\t\t\t\t\t\t\t\t<a class=\"elementor-toggle-title\" tabindex=\"0\">Wie werden die Bestellungen verschickt?<\/a>\n\t\t\t\t\t<\/div>\n\n\t\t\t\t\t<div id=\"elementor-tab-content-5722\" class=\"elementor-tab-content elementor-clearfix\" data-tab=\"2\" role=\"region\" aria-labelledby=\"elementor-tab-title-5722\"><p class=\"font_8\">Wir verschicken alle Bestellungen mit der Deutschen Post als Warensendung. Hierbei gibt es leider keine Trackingnummer, und so k\u00f6nnen wir Euch nicht sagen, wo sich Eure Lieferung aktuell gerade befindet.<\/p><\/div>\n\t\t\t\t<\/div>\n\t\t\t\t\t\t\t<div class=\"elementor-toggle-item\">\n\t\t\t\t\t<div id=\"elementor-tab-title-5723\" class=\"elementor-tab-title\" data-tab=\"3\" role=\"button\" aria-controls=\"elementor-tab-content-5723\" aria-expanded=\"false\">\n\t\t\t\t\t\t\t\t\t\t\t\t<span class=\"elementor-toggle-icon elementor-toggle-icon-left\" aria-hidden=\"true\">\n\t\t\t\t\t\t\t\t\t\t\t\t\t\t\t<span class=\"elementor-toggle-icon-closed\"><i class=\"fas fa-caret-right\"><\/i><\/span>\n\t\t\t\t\t\t\t\t<span class=\"elementor-toggle-icon-opened\"><i class=\"elementor-toggle-icon-opened fas fa-caret-up\"><\/i><\/span>\n\t\t\t\t\t\t\t\t\t\t\t\t\t<\/span>\n\t\t\t\t\t\t\t\t\t\t\t\t<a class=\"elementor-toggle-title\" tabindex=\"0\">Wie lange dauert der Versand?<\/a>\n\t\t\t\t\t<\/div>\n\n\t\t\t\t\t<div id=\"elementor-tab-content-5723\" class=\"elementor-tab-content elementor-clearfix\" data-tab=\"3\" role=\"region\" aria-labelledby=\"elementor-tab-title-5723\"><p class=\"font_8\">Die Deutsche Post gibt die Lieferzeiten im Schnitt mit 4\u20135 Werktagen innerhalb Deutschlands an. Ins Ausland sind die Lieferzeiten leider l\u00e4nger.\u00a0<\/p><p class=\"font_8\">Wenn Du deutlich l\u00e4nger als 4-5 Werktage wartest: Melde dich bitte unter <a href=\"mailto:shop@bolzplatz-magazin.com\" data-auto-recognition=\"true\">shop@bolzplatz-magazin.com<\/a><\/p><\/div>\n\t\t\t\t<\/div>\n\t\t\t\t\t\t\t<div class=\"elementor-toggle-item\">\n\t\t\t\t\t<div id=\"elementor-tab-title-5724\" class=\"elementor-tab-title\" data-tab=\"4\" role=\"button\" aria-controls=\"elementor-tab-content-5724\" aria-expanded=\"false\">\n\t\t\t\t\t\t\t\t\t\t\t\t<span class=\"elementor-toggle-icon elementor-toggle-icon-left\" aria-hidden=\"true\">\n\t\t\t\t\t\t\t\t\t\t\t\t\t\t\t<span class=\"elementor-toggle-icon-closed\"><i class=\"fas fa-caret-right\"><\/i><\/span>\n\t\t\t\t\t\t\t\t<span class=\"elementor-toggle-icon-opened\"><i class=\"elementor-toggle-icon-opened fas fa-caret-up\"><\/i><\/span>\n\t\t\t\t\t\t\t\t\t\t\t\t\t<\/span>\n\t\t\t\t\t\t\t\t\t\t\t\t<a class=\"elementor-toggle-title\" tabindex=\"0\">Wie teuer ist der Versand?<\/a>\n\t\t\t\t\t<\/div>\n\n\t\t\t\t\t<div id=\"elementor-tab-content-5724\" class=\"elementor-tab-content elementor-clearfix\" data-tab=\"4\" role=\"region\" aria-labelledby=\"elementor-tab-title-5724\"><p class=\"font_8\">Hier gehts zu unserer <a href=\"https:\/\/bolzplatz-magazin.com\/en\/versand-lieferung\/\">Versand-\u00dcbersicht.<\/a><\/p><\/div>\n\t\t\t\t<\/div>\n\t\t\t\t\t\t\t<div class=\"elementor-toggle-item\">\n\t\t\t\t\t<div id=\"elementor-tab-title-5725\" class=\"elementor-tab-title\" data-tab=\"5\" role=\"button\" aria-controls=\"elementor-tab-content-5725\" aria-expanded=\"false\">\n\t\t\t\t\t\t\t\t\t\t\t\t<span class=\"elementor-toggle-icon elementor-toggle-icon-left\" aria-hidden=\"true\">\n\t\t\t\t\t\t\t\t\t\t\t\t\t\t\t<span class=\"elementor-toggle-icon-closed\"><i class=\"fas fa-caret-right\"><\/i><\/span>\n\t\t\t\t\t\t\t\t<span class=\"elementor-toggle-icon-opened\"><i class=\"elementor-toggle-icon-opened fas fa-caret-up\"><\/i><\/span>\n\t\t\t\t\t\t\t\t\t\t\t\t\t<\/span>\n\t\t\t\t\t\t\t\t\t\t\t\t<a class=\"elementor-toggle-title\" tabindex=\"0\">Ich m\u00f6chte ein Produkt zur\u00fccksenden. Wie funktioniert das?<\/a>\n\t\t\t\t\t<\/div>\n\n\t\t\t\t\t<div id=\"elementor-tab-content-5725\" class=\"elementor-tab-content elementor-clearfix\" data-tab=\"5\" role=\"region\" aria-labelledby=\"elementor-tab-title-5725\"><p class=\"font_8\">Innerhalb der gesetzlichen Widerrufsfrist von 14 Tagen ist der R\u00fcckversand m\u00f6glich. Melde dich doch kurz unter <a href=\"mailto:shop@bolzplatz-magazin.com\" data-auto-recognition=\"true\">shop@bolzplatz-magazin.com<\/a>. Die Kosten der R\u00fccksendung m\u00fcsstest Du \u00fcbernehmen. Gib uns bitte Bescheid, wenn die Lieferung besch\u00e4digt war.<\/p><p>R\u00fccksendungen an:<\/p><p>Bolzplatz Magazin<\/p><p>Nadine Strathmann<\/p><p>Am Kleesbrock 22<\/p><p>33719 Bielefeld<\/p><\/div>\n\t\t\t\t<\/div>\n\t\t\t\t\t\t\t\t<\/div>\n\t\t\t\t\t\t<\/div>\n\t\t\t\t<\/div>\n\t\t\t\t\t<\/div>\n\t\t<\/div>\n\t\t\t\t\t<\/div>\n\t\t<\/section>\n\t\t\t\t<\/div>","protected":false},"excerpt":{"rendered":"<p>Wann erscheint die erste gedruckte Ausgabe des Bolzplatz Magazins? Der Ersterscheinungstermin ist f\u00fcr Mitte Oktober 2023 geplant. Wir halten euch \u00fcber unsere News-Seite und unsere Social Media Accounts auf dem [&hellip;]<\/p>\n","protected":false},"author":1,"featured_media":0,"parent":0,"menu_order":0,"comment_status":"closed","ping_status":"closed","template":"page-full-width.php","meta":{"footnotes":""},"class_list":["post-10349","page","type-page","status-publish","hentry"],"yoast_head":"<!-- This site is optimized with the Yoast SEO plugin v27.4 - https:\/\/yoast.com\/product\/yoast-seo-wordpress\/ -->\n<title>H\u00e4ufige Fragen - Bolzplatz-Magazin<\/title>\n<meta name=\"robots\" content=\"index, follow, max-snippet:-1, max-image-preview:large, max-video-preview:-1\" \/>\n<link rel=\"canonical\" href=\"https:\/\/bolzplatz-magazin.com\/en\/faq\/\" \/>\n<meta property=\"og:locale\" content=\"en_US\" \/>\n<meta property=\"og:type\" content=\"article\" \/>\n<meta property=\"og:title\" content=\"H\u00e4ufige Fragen - Bolzplatz-Magazin\" \/>\n<meta property=\"og:description\" content=\"Wann erscheint die erste gedruckte Ausgabe des Bolzplatz Magazins? Der Ersterscheinungstermin ist f\u00fcr Mitte Oktober 2023 geplant. Wir halten euch \u00fcber unsere News-Seite und unsere Social Media Accounts auf dem [&hellip;]\" \/>\n<meta property=\"og:url\" content=\"https:\/\/bolzplatz-magazin.com\/en\/faq\/\" \/>\n<meta property=\"og:site_name\" content=\"Bolzplatz-Magazin\" \/>\n<meta property=\"article:modified_time\" content=\"2023-05-18T19:01:07+00:00\" \/>\n<meta name=\"twitter:card\" content=\"summary_large_image\" \/>\n<meta name=\"twitter:label1\" content=\"Est. reading time\" \/>\n\t<meta name=\"twitter:data1\" content=\"2 minutes\" \/>\n<script type=\"application\/ld+json\" class=\"yoast-schema-graph\">{\"@context\":\"https:\\\/\\\/schema.org\",\"@graph\":[{\"@type\":\"WebPage\",\"@id\":\"https:\\\/\\\/bolzplatz-magazin.com\\\/faq\\\/\",\"url\":\"https:\\\/\\\/bolzplatz-magazin.com\\\/faq\\\/\",\"name\":\"H\u00e4ufige Fragen - Bolzplatz-Magazin\",\"isPartOf\":{\"@id\":\"https:\\\/\\\/bolzplatz-magazin.com\\\/#website\"},\"datePublished\":\"2023-02-28T14:35:12+00:00\",\"dateModified\":\"2023-05-18T19:01:07+00:00\",\"breadcrumb\":{\"@id\":\"https:\\\/\\\/bolzplatz-magazin.com\\\/faq\\\/#breadcrumb\"},\"inLanguage\":\"en-US\",\"potentialAction\":[{\"@type\":\"ReadAction\",\"target\":[\"https:\\\/\\\/bolzplatz-magazin.com\\\/faq\\\/\"]}]},{\"@type\":\"BreadcrumbList\",\"@id\":\"https:\\\/\\\/bolzplatz-magazin.com\\\/faq\\\/#breadcrumb\",\"itemListElement\":[{\"@type\":\"ListItem\",\"position\":1,\"name\":\"Startseite\",\"item\":\"https:\\\/\\\/bolzplatz-magazin.com\\\/\"},{\"@type\":\"ListItem\",\"position\":2,\"name\":\"H\u00e4ufige Fragen\"}]},{\"@type\":\"WebSite\",\"@id\":\"https:\\\/\\\/bolzplatz-magazin.com\\\/#website\",\"url\":\"https:\\\/\\\/bolzplatz-magazin.com\\\/\",\"name\":\"Bolzplatz-Magazin\",\"description\":\"Online-Fu\u00dfball-Magazin f\u00fcr Kinder\",\"publisher\":{\"@id\":\"https:\\\/\\\/bolzplatz-magazin.com\\\/#organization\"},\"potentialAction\":[{\"@type\":\"SearchAction\",\"target\":{\"@type\":\"EntryPoint\",\"urlTemplate\":\"https:\\\/\\\/bolzplatz-magazin.com\\\/?s={search_term_string}\"},\"query-input\":{\"@type\":\"PropertyValueSpecification\",\"valueRequired\":true,\"valueName\":\"search_term_string\"}}],\"inLanguage\":\"en-US\"},{\"@type\":\"Organization\",\"@id\":\"https:\\\/\\\/bolzplatz-magazin.com\\\/#organization\",\"name\":\"Bolzplatz-Magazin\",\"url\":\"https:\\\/\\\/bolzplatz-magazin.com\\\/\",\"logo\":{\"@type\":\"ImageObject\",\"inLanguage\":\"en-US\",\"@id\":\"https:\\\/\\\/bolzplatz-magazin.com\\\/#\\\/schema\\\/logo\\\/image\\\/\",\"url\":\"https:\\\/\\\/bolzplatz-magazin.com\\\/wp-content\\\/uploads\\\/2023\\\/01\\\/cropped-Football-Icon.png\",\"contentUrl\":\"https:\\\/\\\/bolzplatz-magazin.com\\\/wp-content\\\/uploads\\\/2023\\\/01\\\/cropped-Football-Icon.png\",\"width\":100,\"height\":100,\"caption\":\"Bolzplatz-Magazin\"},\"image\":{\"@id\":\"https:\\\/\\\/bolzplatz-magazin.com\\\/#\\\/schema\\\/logo\\\/image\\\/\"},\"sameAs\":[\"https:\\\/\\\/www.instagram.com\\\/bolzplatzmag\\\/\",\"https:\\\/\\\/www.tiktok.com\\\/@bolzplatzmag\",\"https:\\\/\\\/www.youtube.com\\\/@bolzplatzmag\"]}]}<\/script>\n<!-- \/ Yoast SEO plugin. -->","yoast_head_json":{"title":"H\u00e4ufige Fragen - Bolzplatz-Magazin","robots":{"index":"index","follow":"follow","max-snippet":"max-snippet:-1","max-image-preview":"max-image-preview:large","max-video-preview":"max-video-preview:-1"},"canonical":"https:\/\/bolzplatz-magazin.com\/en\/faq\/","og_locale":"en_US","og_type":"article","og_title":"H\u00e4ufige Fragen - Bolzplatz-Magazin","og_description":"Wann erscheint die erste gedruckte Ausgabe des Bolzplatz Magazins? Der Ersterscheinungstermin ist f\u00fcr Mitte Oktober 2023 geplant. Wir halten euch \u00fcber unsere News-Seite und unsere Social Media Accounts auf dem [&hellip;]","og_url":"https:\/\/bolzplatz-magazin.com\/en\/faq\/","og_site_name":"Bolzplatz-Magazin","article_modified_time":"2023-05-18T19:01:07+00:00","twitter_card":"summary_large_image","twitter_misc":{"Est. reading time":"2 minutes"},"schema":{"@context":"https:\/\/schema.org","@graph":[{"@type":"WebPage","@id":"https:\/\/bolzplatz-magazin.com\/faq\/","url":"https:\/\/bolzplatz-magazin.com\/faq\/","name":"H\u00e4ufige Fragen - Bolzplatz-Magazin","isPartOf":{"@id":"https:\/\/bolzplatz-magazin.com\/#website"},"datePublished":"2023-02-28T14:35:12+00:00","dateModified":"2023-05-18T19:01:07+00:00","breadcrumb":{"@id":"https:\/\/bolzplatz-magazin.com\/faq\/#breadcrumb"},"inLanguage":"en-US","potentialAction":[{"@type":"ReadAction","target":["https:\/\/bolzplatz-magazin.com\/faq\/"]}]},{"@type":"BreadcrumbList","@id":"https:\/\/bolzplatz-magazin.com\/faq\/#breadcrumb","itemListElement":[{"@type":"ListItem","position":1,"name":"Startseite","item":"https:\/\/bolzplatz-magazin.com\/"},{"@type":"ListItem","position":2,"name":"H\u00e4ufige Fragen"}]},{"@type":"WebSite","@id":"https:\/\/bolzplatz-magazin.com\/#website","url":"https:\/\/bolzplatz-magazin.com\/","name":"Bolzplatz-Magazin","description":"Online-Fu\u00dfball-Magazin f\u00fcr Kinder","publisher":{"@id":"https:\/\/bolzplatz-magazin.com\/#organization"},"potentialAction":[{"@type":"SearchAction","target":{"@type":"EntryPoint","urlTemplate":"https:\/\/bolzplatz-magazin.com\/?s={search_term_string}"},"query-input":{"@type":"PropertyValueSpecification","valueRequired":true,"valueName":"search_term_string"}}],"inLanguage":"en-US"},{"@type":"Organization","@id":"https:\/\/bolzplatz-magazin.com\/#organization","name":"Bolzplatz-Magazin","url":"https:\/\/bolzplatz-magazin.com\/","logo":{"@type":"ImageObject","inLanguage":"en-US","@id":"https:\/\/bolzplatz-magazin.com\/#\/schema\/logo\/image\/","url":"https:\/\/bolzplatz-magazin.com\/wp-content\/uploads\/2023\/01\/cropped-Football-Icon.png","contentUrl":"https:\/\/bolzplatz-magazin.com\/wp-content\/uploads\/2023\/01\/cropped-Football-Icon.png","width":100,"height":100,"caption":"Bolzplatz-Magazin"},"image":{"@id":"https:\/\/bolzplatz-magazin.com\/#\/schema\/logo\/image\/"},"sameAs":["https:\/\/www.instagram.com\/bolzplatzmag\/","https:\/\/www.tiktok.com\/@bolzplatzmag","https:\/\/www.youtube.com\/@bolzplatzmag"]}]}},"_links":{"self":[{"href":"https:\/\/bolzplatz-magazin.com\/en\/wp-json\/wp\/v2\/pages\/10349","targetHints":{"allow":["GET"]}}],"collection":[{"href":"https:\/\/bolzplatz-magazin.com\/en\/wp-json\/wp\/v2\/pages"}],"about":[{"href":"https:\/\/bolzplatz-magazin.com\/en\/wp-json\/wp\/v2\/types\/page"}],"author":[{"embeddable":true,"href":"https:\/\/bolzplatz-magazin.com\/en\/wp-json\/wp\/v2\/users\/1"}],"replies":[{"embeddable":true,"href":"https:\/\/bolzplatz-magazin.com\/en\/wp-json\/wp\/v2\/comments?post=10349"}],"version-history":[{"count":8,"href":"https:\/\/bolzplatz-magazin.com\/en\/wp-json\/wp\/v2\/pages\/10349\/revisions"}],"predecessor-version":[{"id":10669,"href":"https:\/\/bolzplatz-magazin.com\/en\/wp-json\/wp\/v2\/pages\/10349\/revisions\/10669"}],"wp:attachment":[{"href":"https:\/\/bolzplatz-magazin.com\/en\/wp-json\/wp\/v2\/media?parent=10349"}],"curies":[{"name":"wp","href":"https:\/\/api.w.org\/{rel}","templated":true}]}}