{"id":9184,"date":"2023-01-27T14:13:09","date_gmt":"2023-01-27T14:13:09","guid":{"rendered":"http:\/\/bolzplatz-magazin.com\/?page_id=9184"},"modified":"2023-05-18T18:56:24","modified_gmt":"2023-05-18T18:56:24","slug":"impressum","status":"publish","type":"page","link":"https:\/\/bolzplatz-magazin.com\/en\/impressum\/","title":{"rendered":"Impressum"},"content":{"rendered":"<div data-elementor-type=\"wp-page\" data-elementor-id=\"9184\" class=\"elementor elementor-9184\" data-elementor-post-type=\"page\">\n\t\t\t\t\t\t<section class=\"elementor-section elementor-top-section elementor-element elementor-element-31dd1324 elementor-section-boxed elementor-section-height-default elementor-section-height-default qodef-elementor-content-no\" data-id=\"31dd1324\" data-element_type=\"section\" data-e-type=\"section\">\n\t\t\t\t\t\t<div class=\"elementor-container elementor-column-gap-default\">\n\t\t\t\t\t<div class=\"elementor-column elementor-col-100 elementor-top-column elementor-element elementor-element-7def9d98\" data-id=\"7def9d98\" data-element_type=\"column\" data-e-type=\"column\">\n\t\t\t<div class=\"elementor-widget-wrap elementor-element-populated\">\n\t\t\t\t\t\t<div class=\"elementor-element elementor-element-5e3f6bc5 elementor-widget elementor-widget-text-editor\" data-id=\"5e3f6bc5\" data-element_type=\"widget\" data-e-type=\"widget\" data-widget_type=\"text-editor.default\">\n\t\t\t\t<div class=\"elementor-widget-container\">\n\t\t\t\t\t\t\t\t\t\n<h1 class=\"wp-block-heading\">Impressum<\/h1>\n\n\n\n<p><strong>Angaben gem\u00e4\u00df \u00a7 5 TMG<\/strong><\/p>\n\n<\/p>\n<p>Bolzplatz Magazin<\/p>\n\n\n<p>Nadine Strathmann<\/p>\n<!-- \/wp:paragraph -->\n\n<!-- wp:paragraph -->\n<p>Am Kleesbrock 22<\/p>\n<!-- \/wp:paragraph -->\n\n<!-- wp:paragraph -->\n<p>33719 Bielefeld<\/p>\n<!-- \/wp:paragraph -->\n\n<!-- wp:paragraph -->\n<p>&nbsp;<\/p>\n<!-- \/wp:paragraph -->\n\n<!-- wp:paragraph -->\n<p><strong>Kontakt<\/strong> E-Mail: <a href=\"mailto:redaktion@bolzplatz-magazin.com\">redaktion@bolzplatz-magazin.com<\/a><\/p>\n<!-- \/wp:paragraph -->\n\n<!-- wp:paragraph -->\n<p>&nbsp;<\/p>\n<!-- \/wp:paragraph -->\n\n<!-- wp:paragraph -->\n<p><strong>Verantwortlich f\u00fcr den Inhalt nach \u00a7 55 Abs. 2 RStV<\/strong><\/p>\n<p>Nadine Strathmann<\/p>\n<!-- \/wp:paragraph -->\n\n<!-- wp:paragraph -->\n<p>Am Kleesbrock 22<\/p>\n<!-- \/wp:paragraph -->\n\n<!-- wp:paragraph -->\n<p>33719 Bielefeld<\/p>\n<!-- \/wp:paragraph -->\n\n<!-- wp:paragraph -->\n<p>&nbsp;<\/p>\n<!-- \/wp:paragraph -->\n\n<!-- wp:paragraph -->\n<p><strong>Haftung f\u00fcr Inhalte<\/strong> Als Diensteanbieter sind wir gem\u00e4\u00df \u00a7 7 Abs.1 TMG f\u00fcr eigene Inhalte auf diesen Seiten nach den allgemeinen Gesetzen verantwortlich. Nach \u00a7\u00a7 8 bis 10 TMG sind wir als Diensteanbieter jedoch nicht verpflichtet, \u00fcbermittelte oder gespeicherte fremde Informationen zu \u00fcberwachen oder nach Umst\u00e4nden zu forschen, die auf eine rechtswidrige T\u00e4tigkeit hinweisen. Verpflichtungen zur Entfernung oder Sperrung der Nutzung von Informationen nach den allgemeinen Gesetzen bleiben hiervon unber\u00fchrt. Eine diesbez\u00fcgliche Haftung ist jedoch erst ab dem Zeitpunkt der Kenntnis einer konkreten Rechtsverletzung m\u00f6glich. Bei Bekanntwerden von entsprechenden Rechtsverletzungen werden wir diese Inhalte umgehend entfernen.<\/p>\n<!-- \/wp:paragraph -->\n\n<!-- wp:paragraph -->\n<p><strong>Haftung f\u00fcr Links<\/strong> Unser Angebot enth\u00e4lt Links zu externen Websites Dritter, auf deren Inhalte wir keinen Einfluss haben. Deshalb k\u00f6nnen wir f\u00fcr diese fremden Inhalte auch keine Gew\u00e4hr \u00fcbernehmen. F\u00fcr die Inhalte der verlinkten Seiten ist stets der jeweilige Anbieter oder Betreiber der Seiten verantwortlich. Die verlinkten Seiten wurden zum Zeitpunkt der Verlinkung auf m\u00f6gliche Rechtsverst\u00f6\u00dfe \u00fcberpr\u00fcft. Rechtswidrige Inhalte waren zum Zeitpunkt der Verlinkung nicht erkennbar. Eine permanente inhaltliche Kontrolle der verlinkten Seiten ist jedoch ohne konkrete Anhaltspunkte einer Rechtsverletzung nicht zumutbar. Bei Bekanntwerden von Rechtsverletzungen werden wir derartige Links umgehend entfernen.<\/p>\n<!-- \/wp:paragraph -->\n\n<!-- wp:paragraph -->\n<p><strong>Urheberrecht<\/strong> Die durch die Seitenbetreiber erstellten Inhalte und Werke auf diesen Seiten unterliegen dem deutschen Urheberrecht. Die Vervielf\u00e4ltigung, Bearbeitung, Verbreitung und jede Art der Verwertung au\u00dferhalb der Grenzen des Urheberrechtes bed\u00fcrfen der schriftlichen Zustimmung des jeweiligen Autors bzw. Erstellers. Downloads und Kopien dieser Seite sind nur f\u00fcr den privaten, nicht kommerziellen Gebrauch gestattet. Soweit die Inhalte auf dieser Seite nicht vom Betreiber erstellt wurden, werden die Urheberrechte Dritter beachtet. Insbesondere werden Inhalte Dritter als solche gekennzeichnet. Sollten Sie trotzdem auf eine Urheberrechtsverletzung aufmerksam werden, bitten wir um einen entsprechenden Hinweis. Bei Bekanntwerden von Rechtsverletzungen werden wir derartige Inhalte umgehend entfernen.<\/p>\n<!-- \/wp:paragraph -->\n\n<!-- wp:paragraph -->\n<p>Quelle:\u00a0<a href=\"https:\/\/www.e-recht24.de\/\">eRecht24<\/a><\/p>\n<!-- \/wp:paragraph -->\n<p><div class=\"woocommerce woocommerce-gzd woocommerce-gzd-complaints-shortcode\">\n\t\t\t<h3>Alternative Dispute Resolution in accordance with Art. 14 (1) ODR-VO and \u00a7 36 VSBG:<\/h3>\n\t\nZur Teilnahme an einem Streitbeilegungsverfahren vor einer Verbraucherschlichtungsstelle sind wir nicht verpflichtet und nicht bereit.<\/div><\/p>\t\t\t\t\t\t\t\t<\/div>\n\t\t\t\t<\/div>\n\t\t\t\t\t<\/div>\n\t\t<\/div>\n\t\t\t\t\t<\/div>\n\t\t<\/section>\n\t\t\t\t<\/div>","protected":false},"excerpt":{"rendered":"<p>Impressum Angaben gem\u00e4\u00df \u00a7 5 TMG Bolzplatz Magazin Nadine Strathmann Am Kleesbrock 22 33719 Bielefeld &nbsp; Kontakt E-Mail: redaktion@bolzplatz-magazin.com &nbsp; Verantwortlich f\u00fcr den Inhalt nach \u00a7 55 Abs. 2 RStV [&hellip;]<\/p>\n","protected":false},"author":1,"featured_media":0,"parent":0,"menu_order":0,"comment_status":"closed","ping_status":"closed","template":"","meta":{"footnotes":""},"class_list":["post-9184","page","type-page","status-publish","hentry"],"yoast_head":"<!-- This site is optimized with the Yoast SEO plugin v27.4 - https:\/\/yoast.com\/product\/yoast-seo-wordpress\/ -->\n<title>Impressum - Bolzplatz-Magazin<\/title>\n<meta name=\"robots\" content=\"index, follow, max-snippet:-1, max-image-preview:large, max-video-preview:-1\" \/>\n<link rel=\"canonical\" href=\"https:\/\/bolzplatz-magazin.com\/en\/impressum\/\" \/>\n<meta property=\"og:locale\" content=\"en_US\" \/>\n<meta property=\"og:type\" content=\"article\" \/>\n<meta property=\"og:title\" content=\"Impressum - Bolzplatz-Magazin\" \/>\n<meta property=\"og:description\" content=\"Impressum Angaben gem\u00e4\u00df \u00a7 5 TMG Bolzplatz Magazin Nadine Strathmann Am Kleesbrock 22 33719 Bielefeld &nbsp; Kontakt E-Mail: redaktion@bolzplatz-magazin.com &nbsp; Verantwortlich f\u00fcr den Inhalt nach \u00a7 55 Abs. 2 RStV [&hellip;]\" \/>\n<meta property=\"og:url\" content=\"https:\/\/bolzplatz-magazin.com\/en\/impressum\/\" \/>\n<meta property=\"og:site_name\" content=\"Bolzplatz-Magazin\" \/>\n<meta property=\"article:modified_time\" content=\"2023-05-18T18:56:24+00:00\" \/>\n<meta name=\"twitter:card\" content=\"summary_large_image\" \/>\n<meta name=\"twitter:label1\" content=\"Est. reading time\" \/>\n\t<meta name=\"twitter:data1\" content=\"2 minutes\" \/>\n<script type=\"application\/ld+json\" class=\"yoast-schema-graph\">{\"@context\":\"https:\\\/\\\/schema.org\",\"@graph\":[{\"@type\":\"WebPage\",\"@id\":\"https:\\\/\\\/bolzplatz-magazin.com\\\/impressum\\\/\",\"url\":\"https:\\\/\\\/bolzplatz-magazin.com\\\/impressum\\\/\",\"name\":\"Impressum - Bolzplatz-Magazin\",\"isPartOf\":{\"@id\":\"https:\\\/\\\/bolzplatz-magazin.com\\\/#website\"},\"datePublished\":\"2023-01-27T14:13:09+00:00\",\"dateModified\":\"2023-05-18T18:56:24+00:00\",\"breadcrumb\":{\"@id\":\"https:\\\/\\\/bolzplatz-magazin.com\\\/impressum\\\/#breadcrumb\"},\"inLanguage\":\"en-US\",\"potentialAction\":[{\"@type\":\"ReadAction\",\"target\":[\"https:\\\/\\\/bolzplatz-magazin.com\\\/impressum\\\/\"]}]},{\"@type\":\"BreadcrumbList\",\"@id\":\"https:\\\/\\\/bolzplatz-magazin.com\\\/impressum\\\/#breadcrumb\",\"itemListElement\":[{\"@type\":\"ListItem\",\"position\":1,\"name\":\"Startseite\",\"item\":\"https:\\\/\\\/bolzplatz-magazin.com\\\/\"},{\"@type\":\"ListItem\",\"position\":2,\"name\":\"Impressum\"}]},{\"@type\":\"WebSite\",\"@id\":\"https:\\\/\\\/bolzplatz-magazin.com\\\/#website\",\"url\":\"https:\\\/\\\/bolzplatz-magazin.com\\\/\",\"name\":\"Bolzplatz-Magazin\",\"description\":\"Online-Fu\u00dfball-Magazin f\u00fcr Kinder\",\"publisher\":{\"@id\":\"https:\\\/\\\/bolzplatz-magazin.com\\\/#organization\"},\"potentialAction\":[{\"@type\":\"SearchAction\",\"target\":{\"@type\":\"EntryPoint\",\"urlTemplate\":\"https:\\\/\\\/bolzplatz-magazin.com\\\/?s={search_term_string}\"},\"query-input\":{\"@type\":\"PropertyValueSpecification\",\"valueRequired\":true,\"valueName\":\"search_term_string\"}}],\"inLanguage\":\"en-US\"},{\"@type\":\"Organization\",\"@id\":\"https:\\\/\\\/bolzplatz-magazin.com\\\/#organization\",\"name\":\"Bolzplatz-Magazin\",\"url\":\"https:\\\/\\\/bolzplatz-magazin.com\\\/\",\"logo\":{\"@type\":\"ImageObject\",\"inLanguage\":\"en-US\",\"@id\":\"https:\\\/\\\/bolzplatz-magazin.com\\\/#\\\/schema\\\/logo\\\/image\\\/\",\"url\":\"https:\\\/\\\/bolzplatz-magazin.com\\\/wp-content\\\/uploads\\\/2023\\\/01\\\/cropped-Football-Icon.png\",\"contentUrl\":\"https:\\\/\\\/bolzplatz-magazin.com\\\/wp-content\\\/uploads\\\/2023\\\/01\\\/cropped-Football-Icon.png\",\"width\":100,\"height\":100,\"caption\":\"Bolzplatz-Magazin\"},\"image\":{\"@id\":\"https:\\\/\\\/bolzplatz-magazin.com\\\/#\\\/schema\\\/logo\\\/image\\\/\"},\"sameAs\":[\"https:\\\/\\\/www.instagram.com\\\/bolzplatzmag\\\/\",\"https:\\\/\\\/www.tiktok.com\\\/@bolzplatzmag\",\"https:\\\/\\\/www.youtube.com\\\/@bolzplatzmag\"]}]}<\/script>\n<!-- \/ Yoast SEO plugin. -->","yoast_head_json":{"title":"Impressum - Bolzplatz-Magazin","robots":{"index":"index","follow":"follow","max-snippet":"max-snippet:-1","max-image-preview":"max-image-preview:large","max-video-preview":"max-video-preview:-1"},"canonical":"https:\/\/bolzplatz-magazin.com\/en\/impressum\/","og_locale":"en_US","og_type":"article","og_title":"Impressum - Bolzplatz-Magazin","og_description":"Impressum Angaben gem\u00e4\u00df \u00a7 5 TMG Bolzplatz Magazin Nadine Strathmann Am Kleesbrock 22 33719 Bielefeld &nbsp; Kontakt E-Mail: redaktion@bolzplatz-magazin.com &nbsp; Verantwortlich f\u00fcr den Inhalt nach \u00a7 55 Abs. 2 RStV [&hellip;]","og_url":"https:\/\/bolzplatz-magazin.com\/en\/impressum\/","og_site_name":"Bolzplatz-Magazin","article_modified_time":"2023-05-18T18:56:24+00:00","twitter_card":"summary_large_image","twitter_misc":{"Est. reading time":"2 minutes"},"schema":{"@context":"https:\/\/schema.org","@graph":[{"@type":"WebPage","@id":"https:\/\/bolzplatz-magazin.com\/impressum\/","url":"https:\/\/bolzplatz-magazin.com\/impressum\/","name":"Impressum - Bolzplatz-Magazin","isPartOf":{"@id":"https:\/\/bolzplatz-magazin.com\/#website"},"datePublished":"2023-01-27T14:13:09+00:00","dateModified":"2023-05-18T18:56:24+00:00","breadcrumb":{"@id":"https:\/\/bolzplatz-magazin.com\/impressum\/#breadcrumb"},"inLanguage":"en-US","potentialAction":[{"@type":"ReadAction","target":["https:\/\/bolzplatz-magazin.com\/impressum\/"]}]},{"@type":"BreadcrumbList","@id":"https:\/\/bolzplatz-magazin.com\/impressum\/#breadcrumb","itemListElement":[{"@type":"ListItem","position":1,"name":"Startseite","item":"https:\/\/bolzplatz-magazin.com\/"},{"@type":"ListItem","position":2,"name":"Impressum"}]},{"@type":"WebSite","@id":"https:\/\/bolzplatz-magazin.com\/#website","url":"https:\/\/bolzplatz-magazin.com\/","name":"Bolzplatz-Magazin","description":"Online-Fu\u00dfball-Magazin f\u00fcr Kinder","publisher":{"@id":"https:\/\/bolzplatz-magazin.com\/#organization"},"potentialAction":[{"@type":"SearchAction","target":{"@type":"EntryPoint","urlTemplate":"https:\/\/bolzplatz-magazin.com\/?s={search_term_string}"},"query-input":{"@type":"PropertyValueSpecification","valueRequired":true,"valueName":"search_term_string"}}],"inLanguage":"en-US"},{"@type":"Organization","@id":"https:\/\/bolzplatz-magazin.com\/#organization","name":"Bolzplatz-Magazin","url":"https:\/\/bolzplatz-magazin.com\/","logo":{"@type":"ImageObject","inLanguage":"en-US","@id":"https:\/\/bolzplatz-magazin.com\/#\/schema\/logo\/image\/","url":"https:\/\/bolzplatz-magazin.com\/wp-content\/uploads\/2023\/01\/cropped-Football-Icon.png","contentUrl":"https:\/\/bolzplatz-magazin.com\/wp-content\/uploads\/2023\/01\/cropped-Football-Icon.png","width":100,"height":100,"caption":"Bolzplatz-Magazin"},"image":{"@id":"https:\/\/bolzplatz-magazin.com\/#\/schema\/logo\/image\/"},"sameAs":["https:\/\/www.instagram.com\/bolzplatzmag\/","https:\/\/www.tiktok.com\/@bolzplatzmag","https:\/\/www.youtube.com\/@bolzplatzmag"]}]}},"_links":{"self":[{"href":"https:\/\/bolzplatz-magazin.com\/en\/wp-json\/wp\/v2\/pages\/9184","targetHints":{"allow":["GET"]}}],"collection":[{"href":"https:\/\/bolzplatz-magazin.com\/en\/wp-json\/wp\/v2\/pages"}],"about":[{"href":"https:\/\/bolzplatz-magazin.com\/en\/wp-json\/wp\/v2\/types\/page"}],"author":[{"embeddable":true,"href":"https:\/\/bolzplatz-magazin.com\/en\/wp-json\/wp\/v2\/users\/1"}],"replies":[{"embeddable":true,"href":"https:\/\/bolzplatz-magazin.com\/en\/wp-json\/wp\/v2\/comments?post=9184"}],"version-history":[{"count":13,"href":"https:\/\/bolzplatz-magazin.com\/en\/wp-json\/wp\/v2\/pages\/9184\/revisions"}],"predecessor-version":[{"id":10673,"href":"https:\/\/bolzplatz-magazin.com\/en\/wp-json\/wp\/v2\/pages\/9184\/revisions\/10673"}],"wp:attachment":[{"href":"https:\/\/bolzplatz-magazin.com\/en\/wp-json\/wp\/v2\/media?parent=9184"}],"curies":[{"name":"wp","href":"https:\/\/api.w.org\/{rel}","templated":true}]}}