{"id":9471,"date":"2023-01-29T17:25:35","date_gmt":"2023-01-29T17:25:35","guid":{"rendered":"http:\/\/bolzplatz-magazin.com\/?page_id=9471"},"modified":"2023-05-18T19:41:30","modified_gmt":"2023-05-18T19:41:30","slug":"versand-lieferung","status":"publish","type":"page","link":"https:\/\/bolzplatz-magazin.com\/en\/versand-lieferung\/","title":{"rendered":"Versand &amp; Lieferung"},"content":{"rendered":"<div data-elementor-type=\"wp-page\" data-elementor-id=\"9471\" class=\"elementor elementor-9471\" data-elementor-post-type=\"page\">\n\t\t\t\t\t\t<section class=\"elementor-section elementor-top-section elementor-element elementor-element-3c766ecf elementor-section-boxed elementor-section-height-default elementor-section-height-default qodef-elementor-content-no\" data-id=\"3c766ecf\" data-element_type=\"section\" data-e-type=\"section\">\n\t\t\t\t\t\t<div class=\"elementor-container elementor-column-gap-default\">\n\t\t\t\t\t<div class=\"elementor-column elementor-col-100 elementor-top-column elementor-element elementor-element-f1a5891\" data-id=\"f1a5891\" data-element_type=\"column\" data-e-type=\"column\">\n\t\t\t<div class=\"elementor-widget-wrap elementor-element-populated\">\n\t\t\t\t\t\t<div class=\"elementor-element elementor-element-ed300b6 elementor-widget elementor-widget-text-editor\" data-id=\"ed300b6\" data-element_type=\"widget\" data-e-type=\"widget\" data-widget_type=\"text-editor.default\">\n\t\t\t\t<div class=\"elementor-widget-container\">\n\t\t\t\t\t\t\t\t\t\n<h1 class=\"wp-block-heading\">Versand &#038; Lieferung<\/h1>\n\n\n\n<p>F\u00fcr Bestellungen in unserem Online-Shop berechnen wir die folgenden Versandkosten, abh\u00e4ngig von deiner Lieferadresse:<\/p>\n\n\n\n<figure class=\"wp-block-table\">\n<table>\n<tbody>\n<tr>\n<td>Deutschland \u2013 Einzelmagazin<\/td>\n<td>1,60 \u20ac<\/td>\n<\/tr>\n<tr>\n<td>Einzelmagazin nach: \u00d6sterreich, Belgien, Malta, Bulgarien, Niederlande, D\u00e4nemark, Polen, Estland, Portugal, Finnland, Rum\u00e4nien, Frankreich, Schweden, Griechenland, Slowakei, Irland, Slowenien, Italien, Spanien, Kroatien, Tschechien, Lettland, Ungarn, Litauen, Zypern, Luxemburg<\/td>\n<td>3,90 \u20ac<\/td>\n<\/tr>\n<tr>\n<td>Deutschland \u2013 Teamsatz (15 Exemplare)<\/td>\n<td>6,99 \u20ac<\/td>\n<\/tr>\n<\/tbody>\n<\/table>\n<\/figure>\n\n\n\n<p>Wir liefern momentan ausschlie\u00dflich in die oben aufgef\u00fchrten L\u00e4nder.<\/p>\n\n\n\n<p><em>Sendungsverfolgung und Lieferdatum nicht garantiert.<\/em><\/p>\n\t\t\t\t\t\t\t\t<\/div>\n\t\t\t\t<\/div>\n\t\t\t\t\t<\/div>\n\t\t<\/div>\n\t\t\t\t\t<\/div>\n\t\t<\/section>\n\t\t\t\t<\/div>","protected":false},"excerpt":{"rendered":"<p>Versand &#038; Lieferung F\u00fcr Bestellungen in unserem Online-Shop berechnen wir die folgenden Versandkosten, abh\u00e4ngig von deiner Lieferadresse: Deutschland \u2013 Einzelmagazin 1,60 \u20ac Einzelmagazin nach: \u00d6sterreich, Belgien, Malta, Bulgarien, Niederlande, D\u00e4nemark, [&hellip;]<\/p>\n","protected":false},"author":1,"featured_media":0,"parent":0,"menu_order":0,"comment_status":"closed","ping_status":"closed","template":"","meta":{"footnotes":""},"class_list":["post-9471","page","type-page","status-publish","hentry"],"yoast_head":"<!-- This site is optimized with the Yoast SEO plugin v27.4 - https:\/\/yoast.com\/product\/yoast-seo-wordpress\/ -->\n<title>Versand &amp; Lieferung - Bolzplatz-Magazin<\/title>\n<meta name=\"robots\" content=\"index, follow, max-snippet:-1, max-image-preview:large, max-video-preview:-1\" \/>\n<link rel=\"canonical\" href=\"https:\/\/bolzplatz-magazin.com\/en\/versand-lieferung\/\" \/>\n<meta property=\"og:locale\" content=\"en_US\" \/>\n<meta property=\"og:type\" content=\"article\" \/>\n<meta property=\"og:title\" content=\"Versand &amp; Lieferung - Bolzplatz-Magazin\" \/>\n<meta property=\"og:description\" content=\"Versand &#038; Lieferung F\u00fcr Bestellungen in unserem Online-Shop berechnen wir die folgenden Versandkosten, abh\u00e4ngig von deiner Lieferadresse: Deutschland \u2013 Einzelmagazin 1,60 \u20ac Einzelmagazin nach: \u00d6sterreich, Belgien, Malta, Bulgarien, Niederlande, D\u00e4nemark, [&hellip;]\" \/>\n<meta property=\"og:url\" content=\"https:\/\/bolzplatz-magazin.com\/en\/versand-lieferung\/\" \/>\n<meta property=\"og:site_name\" content=\"Bolzplatz-Magazin\" \/>\n<meta property=\"article:modified_time\" content=\"2023-05-18T19:41:30+00:00\" \/>\n<meta name=\"twitter:card\" content=\"summary_large_image\" \/>\n<meta name=\"twitter:label1\" content=\"Est. reading time\" \/>\n\t<meta name=\"twitter:data1\" content=\"1 minute\" \/>\n<script type=\"application\/ld+json\" class=\"yoast-schema-graph\">{\"@context\":\"https:\\\/\\\/schema.org\",\"@graph\":[{\"@type\":\"WebPage\",\"@id\":\"https:\\\/\\\/bolzplatz-magazin.com\\\/versand-lieferung\\\/\",\"url\":\"https:\\\/\\\/bolzplatz-magazin.com\\\/versand-lieferung\\\/\",\"name\":\"Versand &amp; Lieferung - Bolzplatz-Magazin\",\"isPartOf\":{\"@id\":\"https:\\\/\\\/bolzplatz-magazin.com\\\/#website\"},\"datePublished\":\"2023-01-29T17:25:35+00:00\",\"dateModified\":\"2023-05-18T19:41:30+00:00\",\"breadcrumb\":{\"@id\":\"https:\\\/\\\/bolzplatz-magazin.com\\\/versand-lieferung\\\/#breadcrumb\"},\"inLanguage\":\"en-US\",\"potentialAction\":[{\"@type\":\"ReadAction\",\"target\":[\"https:\\\/\\\/bolzplatz-magazin.com\\\/versand-lieferung\\\/\"]}]},{\"@type\":\"BreadcrumbList\",\"@id\":\"https:\\\/\\\/bolzplatz-magazin.com\\\/versand-lieferung\\\/#breadcrumb\",\"itemListElement\":[{\"@type\":\"ListItem\",\"position\":1,\"name\":\"Startseite\",\"item\":\"https:\\\/\\\/bolzplatz-magazin.com\\\/\"},{\"@type\":\"ListItem\",\"position\":2,\"name\":\"Versand &amp; Lieferung\"}]},{\"@type\":\"WebSite\",\"@id\":\"https:\\\/\\\/bolzplatz-magazin.com\\\/#website\",\"url\":\"https:\\\/\\\/bolzplatz-magazin.com\\\/\",\"name\":\"Bolzplatz-Magazin\",\"description\":\"Online-Fu\u00dfball-Magazin f\u00fcr Kinder\",\"publisher\":{\"@id\":\"https:\\\/\\\/bolzplatz-magazin.com\\\/#organization\"},\"potentialAction\":[{\"@type\":\"SearchAction\",\"target\":{\"@type\":\"EntryPoint\",\"urlTemplate\":\"https:\\\/\\\/bolzplatz-magazin.com\\\/?s={search_term_string}\"},\"query-input\":{\"@type\":\"PropertyValueSpecification\",\"valueRequired\":true,\"valueName\":\"search_term_string\"}}],\"inLanguage\":\"en-US\"},{\"@type\":\"Organization\",\"@id\":\"https:\\\/\\\/bolzplatz-magazin.com\\\/#organization\",\"name\":\"Bolzplatz-Magazin\",\"url\":\"https:\\\/\\\/bolzplatz-magazin.com\\\/\",\"logo\":{\"@type\":\"ImageObject\",\"inLanguage\":\"en-US\",\"@id\":\"https:\\\/\\\/bolzplatz-magazin.com\\\/#\\\/schema\\\/logo\\\/image\\\/\",\"url\":\"https:\\\/\\\/bolzplatz-magazin.com\\\/wp-content\\\/uploads\\\/2023\\\/01\\\/cropped-Football-Icon.png\",\"contentUrl\":\"https:\\\/\\\/bolzplatz-magazin.com\\\/wp-content\\\/uploads\\\/2023\\\/01\\\/cropped-Football-Icon.png\",\"width\":100,\"height\":100,\"caption\":\"Bolzplatz-Magazin\"},\"image\":{\"@id\":\"https:\\\/\\\/bolzplatz-magazin.com\\\/#\\\/schema\\\/logo\\\/image\\\/\"},\"sameAs\":[\"https:\\\/\\\/www.instagram.com\\\/bolzplatzmag\\\/\",\"https:\\\/\\\/www.tiktok.com\\\/@bolzplatzmag\",\"https:\\\/\\\/www.youtube.com\\\/@bolzplatzmag\"]}]}<\/script>\n<!-- \/ Yoast SEO plugin. -->","yoast_head_json":{"title":"Versand &amp; Lieferung - Bolzplatz-Magazin","robots":{"index":"index","follow":"follow","max-snippet":"max-snippet:-1","max-image-preview":"max-image-preview:large","max-video-preview":"max-video-preview:-1"},"canonical":"https:\/\/bolzplatz-magazin.com\/en\/versand-lieferung\/","og_locale":"en_US","og_type":"article","og_title":"Versand &amp; Lieferung - Bolzplatz-Magazin","og_description":"Versand &#038; Lieferung F\u00fcr Bestellungen in unserem Online-Shop berechnen wir die folgenden Versandkosten, abh\u00e4ngig von deiner Lieferadresse: Deutschland \u2013 Einzelmagazin 1,60 \u20ac Einzelmagazin nach: \u00d6sterreich, Belgien, Malta, Bulgarien, Niederlande, D\u00e4nemark, [&hellip;]","og_url":"https:\/\/bolzplatz-magazin.com\/en\/versand-lieferung\/","og_site_name":"Bolzplatz-Magazin","article_modified_time":"2023-05-18T19:41:30+00:00","twitter_card":"summary_large_image","twitter_misc":{"Est. reading time":"1 minute"},"schema":{"@context":"https:\/\/schema.org","@graph":[{"@type":"WebPage","@id":"https:\/\/bolzplatz-magazin.com\/versand-lieferung\/","url":"https:\/\/bolzplatz-magazin.com\/versand-lieferung\/","name":"Versand &amp; Lieferung - Bolzplatz-Magazin","isPartOf":{"@id":"https:\/\/bolzplatz-magazin.com\/#website"},"datePublished":"2023-01-29T17:25:35+00:00","dateModified":"2023-05-18T19:41:30+00:00","breadcrumb":{"@id":"https:\/\/bolzplatz-magazin.com\/versand-lieferung\/#breadcrumb"},"inLanguage":"en-US","potentialAction":[{"@type":"ReadAction","target":["https:\/\/bolzplatz-magazin.com\/versand-lieferung\/"]}]},{"@type":"BreadcrumbList","@id":"https:\/\/bolzplatz-magazin.com\/versand-lieferung\/#breadcrumb","itemListElement":[{"@type":"ListItem","position":1,"name":"Startseite","item":"https:\/\/bolzplatz-magazin.com\/"},{"@type":"ListItem","position":2,"name":"Versand &amp; Lieferung"}]},{"@type":"WebSite","@id":"https:\/\/bolzplatz-magazin.com\/#website","url":"https:\/\/bolzplatz-magazin.com\/","name":"Bolzplatz-Magazin","description":"Online-Fu\u00dfball-Magazin f\u00fcr Kinder","publisher":{"@id":"https:\/\/bolzplatz-magazin.com\/#organization"},"potentialAction":[{"@type":"SearchAction","target":{"@type":"EntryPoint","urlTemplate":"https:\/\/bolzplatz-magazin.com\/?s={search_term_string}"},"query-input":{"@type":"PropertyValueSpecification","valueRequired":true,"valueName":"search_term_string"}}],"inLanguage":"en-US"},{"@type":"Organization","@id":"https:\/\/bolzplatz-magazin.com\/#organization","name":"Bolzplatz-Magazin","url":"https:\/\/bolzplatz-magazin.com\/","logo":{"@type":"ImageObject","inLanguage":"en-US","@id":"https:\/\/bolzplatz-magazin.com\/#\/schema\/logo\/image\/","url":"https:\/\/bolzplatz-magazin.com\/wp-content\/uploads\/2023\/01\/cropped-Football-Icon.png","contentUrl":"https:\/\/bolzplatz-magazin.com\/wp-content\/uploads\/2023\/01\/cropped-Football-Icon.png","width":100,"height":100,"caption":"Bolzplatz-Magazin"},"image":{"@id":"https:\/\/bolzplatz-magazin.com\/#\/schema\/logo\/image\/"},"sameAs":["https:\/\/www.instagram.com\/bolzplatzmag\/","https:\/\/www.tiktok.com\/@bolzplatzmag","https:\/\/www.youtube.com\/@bolzplatzmag"]}]}},"_links":{"self":[{"href":"https:\/\/bolzplatz-magazin.com\/en\/wp-json\/wp\/v2\/pages\/9471","targetHints":{"allow":["GET"]}}],"collection":[{"href":"https:\/\/bolzplatz-magazin.com\/en\/wp-json\/wp\/v2\/pages"}],"about":[{"href":"https:\/\/bolzplatz-magazin.com\/en\/wp-json\/wp\/v2\/types\/page"}],"author":[{"embeddable":true,"href":"https:\/\/bolzplatz-magazin.com\/en\/wp-json\/wp\/v2\/users\/1"}],"replies":[{"embeddable":true,"href":"https:\/\/bolzplatz-magazin.com\/en\/wp-json\/wp\/v2\/comments?post=9471"}],"version-history":[{"count":5,"href":"https:\/\/bolzplatz-magazin.com\/en\/wp-json\/wp\/v2\/pages\/9471\/revisions"}],"predecessor-version":[{"id":10679,"href":"https:\/\/bolzplatz-magazin.com\/en\/wp-json\/wp\/v2\/pages\/9471\/revisions\/10679"}],"wp:attachment":[{"href":"https:\/\/bolzplatz-magazin.com\/en\/wp-json\/wp\/v2\/media?parent=9471"}],"curies":[{"name":"wp","href":"https:\/\/api.w.org\/{rel}","templated":true}]}}