{"id":9477,"date":"2023-01-29T17:29:09","date_gmt":"2023-01-29T17:29:09","guid":{"rendered":"http:\/\/bolzplatz-magazin.com\/?page_id=9477"},"modified":"2023-05-18T19:44:40","modified_gmt":"2023-05-18T19:44:40","slug":"erklarung-zur-barrierefreiheit","status":"publish","type":"page","link":"https:\/\/bolzplatz-magazin.com\/en\/erklarung-zur-barrierefreiheit\/","title":{"rendered":"Erkl\u00e4rung zur Barrierefreiheit"},"content":{"rendered":"<div data-elementor-type=\"wp-page\" data-elementor-id=\"9477\" class=\"elementor elementor-9477\" data-elementor-post-type=\"page\">\n\t\t\t\t\t\t<section class=\"elementor-section elementor-top-section elementor-element elementor-element-7f766928 elementor-section-boxed elementor-section-height-default elementor-section-height-default qodef-elementor-content-no\" data-id=\"7f766928\" data-element_type=\"section\" data-e-type=\"section\">\n\t\t\t\t\t\t<div class=\"elementor-container elementor-column-gap-default\">\n\t\t\t\t\t<div class=\"elementor-column elementor-col-100 elementor-top-column elementor-element elementor-element-2eace465\" data-id=\"2eace465\" data-element_type=\"column\" data-e-type=\"column\">\n\t\t\t<div class=\"elementor-widget-wrap elementor-element-populated\">\n\t\t\t\t\t\t<div class=\"elementor-element elementor-element-2b67380d elementor-widget elementor-widget-text-editor\" data-id=\"2b67380d\" data-element_type=\"widget\" data-e-type=\"widget\" data-widget_type=\"text-editor.default\">\n\t\t\t\t<div class=\"elementor-widget-container\">\n\t\t\t\t\t\t\t\t\t\n<h1 class=\"wp-block-heading\">Erkl\u00e4rung zur Barrierefreiheit<\/h1>\n\n\n\n<p>Ziel des Bolzplatz Magazin ist es, die Website <a href=\"https:\/\/bolzplatz-magazin.com\/en\/\">www.bolzplatz-magazin.com<\/a> barrierefrei zug\u00e4nglich zu machen.<\/p>\n\n\n\n<h2 class=\"wp-block-heading\">Rechtsgrundlagen derzeit<\/h2>\n\n\n\n<ul class=\"wp-block-list\">\n<li>Rechtsgrundlage sind das Behindertengleichstellungsgesetz Nordrhein-Westfalen (BGG NRW) und die Barrierefreie-Informationstechnik-Verordnung Nordrhein-Westfalen (BITVNRW).<\/li>\n<\/ul>\n\n\n\n<h2 class=\"wp-block-heading\">1. Stand der Vereinbarkeit mit den Anforderungen<\/h2>\n\n\n\n<p>Die Website ist nicht mit BGG NRW und der BITVNRW vereinbar.<\/p>\n\n\n\n<h2 class=\"wp-block-heading\">2. Nicht barrierefreie Inhalte<\/h2>\n\n\n\n<p>Unvereinbarkeit mit der BITVNRW:<\/p>\n\n\n\n<ul class=\"wp-block-list\">\n<li>Videos verf\u00fcgen \u00fcber keine Untertitel und eine \u00dcbersetzung in die Deutsche Geb\u00e4rden\u00adsprache;<\/li>\n\n\n\n<li>die meisten Pdf-Dokumente sind nicht barrierefrei;<\/li>\n\n\n\n<li>Kontrastverh\u00e4ltnisse nicht ausreichend;<\/li>\n\n\n\n<li>Feedback-Mechanismus nicht vorhanden;<\/li>\n\n\n\n<li>Benutzerpr\u00e4ferenzen werden nicht vollst\u00e4ndig \u00fcbernommen;<\/li>\n\n\n\n<li>Seitentitel der Webseiten nicht ausreichend betitelt;<\/li>\n\n\n\n<li>Bewegende Informationen ohne Pausierm\u00f6glichkeit;<\/li>\n\n\n\n<li>Bedienelemente mit der Tatstatur nicht zug\u00e4nglich;<\/li>\n\n\n\n<li>Navigation ist nicht konsistent;<\/li>\n\n\n\n<li>Tastaturfokus nicht ausreichend sichtbar\/wahrnehmbar;<\/li>\n\n\n\n<li>Unterschiedliche Bezeichnungen f\u00fcr gleiches Linkziel;<\/li>\n\n\n\n<li>Cookie-Hinweis nicht zu Beginn tastaturbedienbar;<\/li>\n\n\n\n<li>fehlende Inhalte in leichter Sprache;<\/li>\n\n\n\n<li>fehlende Inhalte in Deutscher Geb\u00e4rden\u00adsprache.<\/li>\n<\/ul>\n\n\n\n<p>Wir arbeiten an der barrierefreien Umsetzung der hier aufgef\u00fchrten Punkte.<\/p>\n\n\n\n<h2 class=\"wp-block-heading\">3. Erstellung dieser Erkl\u00e4rung zur Barrierefreiheit<\/h2>\n\n\n\n<p>Diese Erkl\u00e4rung wurde am 15. Januar 2023 erstellt und zuletzt am 15. Januar 2023 \u00fcberpr\u00fcft.<\/p>\n\n\n\n<h2 class=\"wp-block-heading\">4. R\u00fcckmeldung und Kontaktangaben<\/h2>\n\n\n\n<p>Sollst du auf unseren Seiten auf Barrieren sto\u00dfen, so nimm bitte telefonisch oder schriftlich (zum Beispiel \u00fcber das Kontakt\u00adformular oder per E-Mail)\u00a0Kontakt\u00a0mit uns auf. Gib uns uns bitte einen entsprechenden Hinweis mit einer Beschreibung, wo dir der Fehler aufgefallen ist.<\/p>\n\n\n\n<p>Im Rahmen eines Durchsetzungsverfahrens hast du die M\u00f6glichkeit, einen Antrag auf Pr\u00fcfung der Einhaltung der Anforderungen an die Barrierefreiheit zu stellen.<\/p>\n\n\n\n<h2 class=\"wp-block-heading\">Kontaktdaten der Durchsetzungsstelle<\/h2>\n\n\n\n<p>E-Mail:\u00a0<a href=\"mailto:ueberwachungsstelle@sm.mv-regierung.de\">u<\/a><a href=\"mailto:ueberwachungsstelle-nrw@it.nrw.de\">eberwachungsstelle-nrw@it.nrw.de<\/a><\/p>\n\t\t\t\t\t\t\t\t<\/div>\n\t\t\t\t<\/div>\n\t\t\t\t\t<\/div>\n\t\t<\/div>\n\t\t\t\t\t<\/div>\n\t\t<\/section>\n\t\t\t\t<\/div>","protected":false},"excerpt":{"rendered":"<p>Erkl\u00e4rung zur Barrierefreiheit Ziel des Bolzplatz Magazin ist es, die Website www.bolzplatz-magazin.com barrierefrei zug\u00e4nglich zu machen. Rechtsgrundlagen derzeit 1. Stand der Vereinbarkeit mit den Anforderungen Die Website ist nicht mit [&hellip;]<\/p>\n","protected":false},"author":1,"featured_media":0,"parent":0,"menu_order":0,"comment_status":"closed","ping_status":"closed","template":"","meta":{"footnotes":""},"class_list":["post-9477","page","type-page","status-publish","hentry"],"yoast_head":"<!-- This site is optimized with the Yoast SEO plugin v27.4 - https:\/\/yoast.com\/product\/yoast-seo-wordpress\/ -->\n<title>Erkl\u00e4rung zur Barrierefreiheit - Bolzplatz-Magazin<\/title>\n<meta name=\"robots\" content=\"index, follow, max-snippet:-1, max-image-preview:large, max-video-preview:-1\" \/>\n<link rel=\"canonical\" href=\"https:\/\/bolzplatz-magazin.com\/en\/erklarung-zur-barrierefreiheit\/\" \/>\n<meta property=\"og:locale\" content=\"en_US\" \/>\n<meta property=\"og:type\" content=\"article\" \/>\n<meta property=\"og:title\" content=\"Erkl\u00e4rung zur Barrierefreiheit - Bolzplatz-Magazin\" \/>\n<meta property=\"og:description\" content=\"Erkl\u00e4rung zur Barrierefreiheit Ziel des Bolzplatz Magazin ist es, die Website www.bolzplatz-magazin.com barrierefrei zug\u00e4nglich zu machen. Rechtsgrundlagen derzeit 1. Stand der Vereinbarkeit mit den Anforderungen Die Website ist nicht mit [&hellip;]\" \/>\n<meta property=\"og:url\" content=\"https:\/\/bolzplatz-magazin.com\/en\/erklarung-zur-barrierefreiheit\/\" \/>\n<meta property=\"og:site_name\" content=\"Bolzplatz-Magazin\" \/>\n<meta property=\"article:modified_time\" content=\"2023-05-18T19:44:40+00:00\" \/>\n<meta name=\"twitter:card\" content=\"summary_large_image\" \/>\n<meta name=\"twitter:label1\" content=\"Est. reading time\" \/>\n\t<meta name=\"twitter:data1\" content=\"2 minutes\" \/>\n<script type=\"application\/ld+json\" class=\"yoast-schema-graph\">{\"@context\":\"https:\\\/\\\/schema.org\",\"@graph\":[{\"@type\":\"WebPage\",\"@id\":\"https:\\\/\\\/bolzplatz-magazin.com\\\/erklarung-zur-barrierefreiheit\\\/\",\"url\":\"https:\\\/\\\/bolzplatz-magazin.com\\\/erklarung-zur-barrierefreiheit\\\/\",\"name\":\"Erkl\u00e4rung zur Barrierefreiheit - Bolzplatz-Magazin\",\"isPartOf\":{\"@id\":\"https:\\\/\\\/bolzplatz-magazin.com\\\/#website\"},\"datePublished\":\"2023-01-29T17:29:09+00:00\",\"dateModified\":\"2023-05-18T19:44:40+00:00\",\"breadcrumb\":{\"@id\":\"https:\\\/\\\/bolzplatz-magazin.com\\\/erklarung-zur-barrierefreiheit\\\/#breadcrumb\"},\"inLanguage\":\"en-US\",\"potentialAction\":[{\"@type\":\"ReadAction\",\"target\":[\"https:\\\/\\\/bolzplatz-magazin.com\\\/erklarung-zur-barrierefreiheit\\\/\"]}]},{\"@type\":\"BreadcrumbList\",\"@id\":\"https:\\\/\\\/bolzplatz-magazin.com\\\/erklarung-zur-barrierefreiheit\\\/#breadcrumb\",\"itemListElement\":[{\"@type\":\"ListItem\",\"position\":1,\"name\":\"Startseite\",\"item\":\"https:\\\/\\\/bolzplatz-magazin.com\\\/\"},{\"@type\":\"ListItem\",\"position\":2,\"name\":\"Erkl\u00e4rung zur Barrierefreiheit\"}]},{\"@type\":\"WebSite\",\"@id\":\"https:\\\/\\\/bolzplatz-magazin.com\\\/#website\",\"url\":\"https:\\\/\\\/bolzplatz-magazin.com\\\/\",\"name\":\"Bolzplatz-Magazin\",\"description\":\"Online-Fu\u00dfball-Magazin f\u00fcr Kinder\",\"publisher\":{\"@id\":\"https:\\\/\\\/bolzplatz-magazin.com\\\/#organization\"},\"potentialAction\":[{\"@type\":\"SearchAction\",\"target\":{\"@type\":\"EntryPoint\",\"urlTemplate\":\"https:\\\/\\\/bolzplatz-magazin.com\\\/?s={search_term_string}\"},\"query-input\":{\"@type\":\"PropertyValueSpecification\",\"valueRequired\":true,\"valueName\":\"search_term_string\"}}],\"inLanguage\":\"en-US\"},{\"@type\":\"Organization\",\"@id\":\"https:\\\/\\\/bolzplatz-magazin.com\\\/#organization\",\"name\":\"Bolzplatz-Magazin\",\"url\":\"https:\\\/\\\/bolzplatz-magazin.com\\\/\",\"logo\":{\"@type\":\"ImageObject\",\"inLanguage\":\"en-US\",\"@id\":\"https:\\\/\\\/bolzplatz-magazin.com\\\/#\\\/schema\\\/logo\\\/image\\\/\",\"url\":\"https:\\\/\\\/bolzplatz-magazin.com\\\/wp-content\\\/uploads\\\/2023\\\/01\\\/cropped-Football-Icon.png\",\"contentUrl\":\"https:\\\/\\\/bolzplatz-magazin.com\\\/wp-content\\\/uploads\\\/2023\\\/01\\\/cropped-Football-Icon.png\",\"width\":100,\"height\":100,\"caption\":\"Bolzplatz-Magazin\"},\"image\":{\"@id\":\"https:\\\/\\\/bolzplatz-magazin.com\\\/#\\\/schema\\\/logo\\\/image\\\/\"},\"sameAs\":[\"https:\\\/\\\/www.instagram.com\\\/bolzplatzmag\\\/\",\"https:\\\/\\\/www.tiktok.com\\\/@bolzplatzmag\",\"https:\\\/\\\/www.youtube.com\\\/@bolzplatzmag\"]}]}<\/script>\n<!-- \/ Yoast SEO plugin. -->","yoast_head_json":{"title":"Erkl\u00e4rung zur Barrierefreiheit - Bolzplatz-Magazin","robots":{"index":"index","follow":"follow","max-snippet":"max-snippet:-1","max-image-preview":"max-image-preview:large","max-video-preview":"max-video-preview:-1"},"canonical":"https:\/\/bolzplatz-magazin.com\/en\/erklarung-zur-barrierefreiheit\/","og_locale":"en_US","og_type":"article","og_title":"Erkl\u00e4rung zur Barrierefreiheit - Bolzplatz-Magazin","og_description":"Erkl\u00e4rung zur Barrierefreiheit Ziel des Bolzplatz Magazin ist es, die Website www.bolzplatz-magazin.com barrierefrei zug\u00e4nglich zu machen. Rechtsgrundlagen derzeit 1. Stand der Vereinbarkeit mit den Anforderungen Die Website ist nicht mit [&hellip;]","og_url":"https:\/\/bolzplatz-magazin.com\/en\/erklarung-zur-barrierefreiheit\/","og_site_name":"Bolzplatz-Magazin","article_modified_time":"2023-05-18T19:44:40+00:00","twitter_card":"summary_large_image","twitter_misc":{"Est. reading time":"2 minutes"},"schema":{"@context":"https:\/\/schema.org","@graph":[{"@type":"WebPage","@id":"https:\/\/bolzplatz-magazin.com\/erklarung-zur-barrierefreiheit\/","url":"https:\/\/bolzplatz-magazin.com\/erklarung-zur-barrierefreiheit\/","name":"Erkl\u00e4rung zur Barrierefreiheit - Bolzplatz-Magazin","isPartOf":{"@id":"https:\/\/bolzplatz-magazin.com\/#website"},"datePublished":"2023-01-29T17:29:09+00:00","dateModified":"2023-05-18T19:44:40+00:00","breadcrumb":{"@id":"https:\/\/bolzplatz-magazin.com\/erklarung-zur-barrierefreiheit\/#breadcrumb"},"inLanguage":"en-US","potentialAction":[{"@type":"ReadAction","target":["https:\/\/bolzplatz-magazin.com\/erklarung-zur-barrierefreiheit\/"]}]},{"@type":"BreadcrumbList","@id":"https:\/\/bolzplatz-magazin.com\/erklarung-zur-barrierefreiheit\/#breadcrumb","itemListElement":[{"@type":"ListItem","position":1,"name":"Startseite","item":"https:\/\/bolzplatz-magazin.com\/"},{"@type":"ListItem","position":2,"name":"Erkl\u00e4rung zur Barrierefreiheit"}]},{"@type":"WebSite","@id":"https:\/\/bolzplatz-magazin.com\/#website","url":"https:\/\/bolzplatz-magazin.com\/","name":"Bolzplatz-Magazin","description":"Online-Fu\u00dfball-Magazin f\u00fcr Kinder","publisher":{"@id":"https:\/\/bolzplatz-magazin.com\/#organization"},"potentialAction":[{"@type":"SearchAction","target":{"@type":"EntryPoint","urlTemplate":"https:\/\/bolzplatz-magazin.com\/?s={search_term_string}"},"query-input":{"@type":"PropertyValueSpecification","valueRequired":true,"valueName":"search_term_string"}}],"inLanguage":"en-US"},{"@type":"Organization","@id":"https:\/\/bolzplatz-magazin.com\/#organization","name":"Bolzplatz-Magazin","url":"https:\/\/bolzplatz-magazin.com\/","logo":{"@type":"ImageObject","inLanguage":"en-US","@id":"https:\/\/bolzplatz-magazin.com\/#\/schema\/logo\/image\/","url":"https:\/\/bolzplatz-magazin.com\/wp-content\/uploads\/2023\/01\/cropped-Football-Icon.png","contentUrl":"https:\/\/bolzplatz-magazin.com\/wp-content\/uploads\/2023\/01\/cropped-Football-Icon.png","width":100,"height":100,"caption":"Bolzplatz-Magazin"},"image":{"@id":"https:\/\/bolzplatz-magazin.com\/#\/schema\/logo\/image\/"},"sameAs":["https:\/\/www.instagram.com\/bolzplatzmag\/","https:\/\/www.tiktok.com\/@bolzplatzmag","https:\/\/www.youtube.com\/@bolzplatzmag"]}]}},"_links":{"self":[{"href":"https:\/\/bolzplatz-magazin.com\/en\/wp-json\/wp\/v2\/pages\/9477","targetHints":{"allow":["GET"]}}],"collection":[{"href":"https:\/\/bolzplatz-magazin.com\/en\/wp-json\/wp\/v2\/pages"}],"about":[{"href":"https:\/\/bolzplatz-magazin.com\/en\/wp-json\/wp\/v2\/types\/page"}],"author":[{"embeddable":true,"href":"https:\/\/bolzplatz-magazin.com\/en\/wp-json\/wp\/v2\/users\/1"}],"replies":[{"embeddable":true,"href":"https:\/\/bolzplatz-magazin.com\/en\/wp-json\/wp\/v2\/comments?post=9477"}],"version-history":[{"count":5,"href":"https:\/\/bolzplatz-magazin.com\/en\/wp-json\/wp\/v2\/pages\/9477\/revisions"}],"predecessor-version":[{"id":10685,"href":"https:\/\/bolzplatz-magazin.com\/en\/wp-json\/wp\/v2\/pages\/9477\/revisions\/10685"}],"wp:attachment":[{"href":"https:\/\/bolzplatz-magazin.com\/en\/wp-json\/wp\/v2\/media?parent=9477"}],"curies":[{"name":"wp","href":"https:\/\/api.w.org\/{rel}","templated":true}]}}