{"id":11372,"date":"2026-04-26T08:14:03","date_gmt":"2026-04-26T08:14:03","guid":{"rendered":"https:\/\/bolzplatz-magazin.com\/?post_type=product&#038;p=11372"},"modified":"2026-04-28T09:46:07","modified_gmt":"2026-04-28T09:46:07","slug":"bolzplatz-1-2026","status":"publish","type":"product","link":"https:\/\/bolzplatz-magazin.com\/en\/product\/bolzplatz-1-2026\/","title":{"rendered":"Bolzplatz #1\/2026"},"content":{"rendered":"<p><strong>Das Fu\u00dfballmagazin f\u00fcr junge Kickerinnen und Kicker<\/strong><\/p>\n<p class=\"p1\"><span class=\"s1\"><b>\u201eDu brauchst eine Liebe zum Spiel!\u201c <\/b><\/span><span class=\"s1\">Das und noch viele weitere Tipps f\u00fcr junge Spielerinnen und Spieler verr\u00e4t dir <b>Bettina Wiegmann<\/b> im gro\u00dfen Interview. Bettina ist DFB-Nationaltrainerin der U 15-Juniorinnen. In unserem <b>Trainer-Spezial<\/b> erkl\u00e4ren wir dir, wie die Trainer-Ausbildung beim DFB aussieht. <\/span><span class=\"s1\">Die <b>Nachwuchs-Keeperin Nisa <\/b>hat uns in <b>Mein Fu\u00dfball-Leben<\/b> einen Einblick in ihren Alltag gegeben, sowohl zwischen den Pfosten, als auch als junge Influencerin, die zwischendurch auch mit Hate im Internet umgehen muss. <\/span><span class=\"s1\">In <b>Die Welt ist rund <\/b>geht es dieses Mal rund um den Beruf des <b>Fu\u00dfball-Kommentators<\/b> und der <b>Fu\u00dfball-Expertin:<\/b> <b>Turid Knaak, Marcel Gurk<\/b> und <b>Leonie Kokott<\/b> erz\u00e4hlen dir, was sie so an ihrem Beruf fasziniert und wie du selbst zum Kommentator werden kannst. Au\u00dferdem erf\u00e4hrst du mehr \u00fcber die talentiertesten U20-Nationalspieler, die uns bei der WM im Sommer begeistern werden.<\/span><\/p>","protected":false},"excerpt":{"rendered":"<p>BOLZPLATZ &#8211; Das Fu\u00dfballmagazin f\u00fcr junge Kickerinnen und Kicker mit einem gro\u00dfem Trainer- und WM-Spezial.<\/p>","protected":false},"featured_media":11381,"template":"","meta":[],"product_brand":[],"product_cat":[57],"product_tag":[],"class_list":{"0":"post-11372","1":"product","2":"type-product","3":"status-publish","4":"has-post-thumbnail","6":"product_cat-einzelheft","7":"product_shipping_class-versand-1","9":"first","10":"instock","11":"shipping-taxable","12":"purchasable","13":"product-type-simple"},"yoast_head":"<!-- This site is optimized with the Yoast SEO plugin v27.4 - https:\/\/yoast.com\/product\/yoast-seo-wordpress\/ -->\n<title>Bolzplatz #1\/2026 -<\/title>\n<meta name=\"description\" content=\"Fu\u00dfballmagazin f\u00fcr junge Kickerinnen und Kicker: mit Trainer- und WM-Spezial, Gewinnspiel, Florian Wirtz und Jamal Musiala als Superheroes im Fu\u00dfballmuseum.\" \/>\n<meta name=\"robots\" content=\"index, follow, max-snippet:-1, max-image-preview:large, max-video-preview:-1\" \/>\n<link rel=\"canonical\" href=\"https:\/\/bolzplatz-magazin.com\/en\/product\/bolzplatz-1-2026\/\" \/>\n<meta property=\"og:locale\" content=\"en_US\" \/>\n<meta property=\"og:type\" content=\"article\" \/>\n<meta property=\"og:title\" content=\"Bolzplatz #1\/2026 -\" \/>\n<meta property=\"og:description\" content=\"Fu\u00dfballmagazin f\u00fcr junge Kickerinnen und Kicker: mit Trainer- und WM-Spezial, Gewinnspiel, Florian Wirtz und Jamal Musiala als Superheroes im Fu\u00dfballmuseum.\" \/>\n<meta property=\"og:url\" content=\"https:\/\/bolzplatz-magazin.com\/en\/product\/bolzplatz-1-2026\/\" \/>\n<meta property=\"og:site_name\" content=\"Bolzplatz-Magazin\" \/>\n<meta property=\"article:modified_time\" content=\"2026-04-28T09:46:07+00:00\" \/>\n<meta property=\"og:image\" content=\"https:\/\/bolzplatz-magazin.com\/wp-content\/uploads\/2026\/04\/bolzplatz6_cover-1-scaled.jpg\" \/>\n\t<meta property=\"og:image:width\" content=\"1813\" \/>\n\t<meta property=\"og:image:height\" content=\"2560\" \/>\n\t<meta property=\"og:image:type\" content=\"image\/jpeg\" \/>\n<meta name=\"twitter:card\" content=\"summary_large_image\" \/>\n<meta name=\"twitter:label1\" content=\"Est. reading time\" \/>\n\t<meta name=\"twitter:data1\" content=\"1 minute\" \/>\n<script type=\"application\/ld+json\" class=\"yoast-schema-graph\">{\"@context\":\"https:\\\/\\\/schema.org\",\"@graph\":[{\"@type\":\"WebPage\",\"@id\":\"https:\\\/\\\/bolzplatz-magazin.com\\\/produkt\\\/bolzplatz-1-2026\\\/\",\"url\":\"https:\\\/\\\/bolzplatz-magazin.com\\\/produkt\\\/bolzplatz-1-2026\\\/\",\"name\":\"Bolzplatz #1\\\/2026 -\",\"isPartOf\":{\"@id\":\"https:\\\/\\\/bolzplatz-magazin.com\\\/#website\"},\"primaryImageOfPage\":{\"@id\":\"https:\\\/\\\/bolzplatz-magazin.com\\\/produkt\\\/bolzplatz-1-2026\\\/#primaryimage\"},\"image\":{\"@id\":\"https:\\\/\\\/bolzplatz-magazin.com\\\/produkt\\\/bolzplatz-1-2026\\\/#primaryimage\"},\"thumbnailUrl\":\"https:\\\/\\\/bolzplatz-magazin.com\\\/wp-content\\\/uploads\\\/2026\\\/04\\\/bolzplatz6_cover-1-scaled.jpg\",\"datePublished\":\"2026-04-26T08:14:03+00:00\",\"dateModified\":\"2026-04-28T09:46:07+00:00\",\"description\":\"Fu\u00dfballmagazin f\u00fcr junge Kickerinnen und Kicker: mit Trainer- und WM-Spezial, Gewinnspiel, Florian Wirtz und Jamal Musiala als Superheroes im Fu\u00dfballmuseum.\",\"breadcrumb\":{\"@id\":\"https:\\\/\\\/bolzplatz-magazin.com\\\/produkt\\\/bolzplatz-1-2026\\\/#breadcrumb\"},\"inLanguage\":\"en-US\",\"potentialAction\":[{\"@type\":\"ReadAction\",\"target\":[\"https:\\\/\\\/bolzplatz-magazin.com\\\/produkt\\\/bolzplatz-1-2026\\\/\"]}]},{\"@type\":\"ImageObject\",\"inLanguage\":\"en-US\",\"@id\":\"https:\\\/\\\/bolzplatz-magazin.com\\\/produkt\\\/bolzplatz-1-2026\\\/#primaryimage\",\"url\":\"https:\\\/\\\/bolzplatz-magazin.com\\\/wp-content\\\/uploads\\\/2026\\\/04\\\/bolzplatz6_cover-1-scaled.jpg\",\"contentUrl\":\"https:\\\/\\\/bolzplatz-magazin.com\\\/wp-content\\\/uploads\\\/2026\\\/04\\\/bolzplatz6_cover-1-scaled.jpg\",\"width\":1813,\"height\":2560},{\"@type\":\"BreadcrumbList\",\"@id\":\"https:\\\/\\\/bolzplatz-magazin.com\\\/produkt\\\/bolzplatz-1-2026\\\/#breadcrumb\",\"itemListElement\":[{\"@type\":\"ListItem\",\"position\":1,\"name\":\"Startseite\",\"item\":\"https:\\\/\\\/bolzplatz-magazin.com\\\/\"},{\"@type\":\"ListItem\",\"position\":2,\"name\":\"Shop\",\"item\":\"https:\\\/\\\/bolzplatz-magazin.com\\\/shop\\\/\"},{\"@type\":\"ListItem\",\"position\":3,\"name\":\"Bolzplatz #1\\\/2026\"}]},{\"@type\":\"WebSite\",\"@id\":\"https:\\\/\\\/bolzplatz-magazin.com\\\/#website\",\"url\":\"https:\\\/\\\/bolzplatz-magazin.com\\\/\",\"name\":\"Bolzplatz-Magazin\",\"description\":\"Online-Fu\u00dfball-Magazin f\u00fcr Kinder\",\"publisher\":{\"@id\":\"https:\\\/\\\/bolzplatz-magazin.com\\\/#organization\"},\"potentialAction\":[{\"@type\":\"SearchAction\",\"target\":{\"@type\":\"EntryPoint\",\"urlTemplate\":\"https:\\\/\\\/bolzplatz-magazin.com\\\/?s={search_term_string}\"},\"query-input\":{\"@type\":\"PropertyValueSpecification\",\"valueRequired\":true,\"valueName\":\"search_term_string\"}}],\"inLanguage\":\"en-US\"},{\"@type\":\"Organization\",\"@id\":\"https:\\\/\\\/bolzplatz-magazin.com\\\/#organization\",\"name\":\"Bolzplatz-Magazin\",\"url\":\"https:\\\/\\\/bolzplatz-magazin.com\\\/\",\"logo\":{\"@type\":\"ImageObject\",\"inLanguage\":\"en-US\",\"@id\":\"https:\\\/\\\/bolzplatz-magazin.com\\\/#\\\/schema\\\/logo\\\/image\\\/\",\"url\":\"https:\\\/\\\/bolzplatz-magazin.com\\\/wp-content\\\/uploads\\\/2023\\\/01\\\/cropped-Football-Icon.png\",\"contentUrl\":\"https:\\\/\\\/bolzplatz-magazin.com\\\/wp-content\\\/uploads\\\/2023\\\/01\\\/cropped-Football-Icon.png\",\"width\":100,\"height\":100,\"caption\":\"Bolzplatz-Magazin\"},\"image\":{\"@id\":\"https:\\\/\\\/bolzplatz-magazin.com\\\/#\\\/schema\\\/logo\\\/image\\\/\"},\"sameAs\":[\"https:\\\/\\\/www.instagram.com\\\/bolzplatzmag\\\/\",\"https:\\\/\\\/www.tiktok.com\\\/@bolzplatzmag\",\"https:\\\/\\\/www.youtube.com\\\/@bolzplatzmag\"]}]}<\/script>\n<!-- \/ Yoast SEO plugin. -->","yoast_head_json":{"title":"Bolzplatz #1\/2026 -","description":"Fu\u00dfballmagazin f\u00fcr junge Kickerinnen und Kicker: mit Trainer- und WM-Spezial, Gewinnspiel, Florian Wirtz und Jamal Musiala als Superheroes im Fu\u00dfballmuseum.","robots":{"index":"index","follow":"follow","max-snippet":"max-snippet:-1","max-image-preview":"max-image-preview:large","max-video-preview":"max-video-preview:-1"},"canonical":"https:\/\/bolzplatz-magazin.com\/en\/product\/bolzplatz-1-2026\/","og_locale":"en_US","og_type":"article","og_title":"Bolzplatz #1\/2026 -","og_description":"Fu\u00dfballmagazin f\u00fcr junge Kickerinnen und Kicker: mit Trainer- und WM-Spezial, Gewinnspiel, Florian Wirtz und Jamal Musiala als Superheroes im Fu\u00dfballmuseum.","og_url":"https:\/\/bolzplatz-magazin.com\/en\/product\/bolzplatz-1-2026\/","og_site_name":"Bolzplatz-Magazin","article_modified_time":"2026-04-28T09:46:07+00:00","og_image":[{"width":1813,"height":2560,"url":"https:\/\/bolzplatz-magazin.com\/wp-content\/uploads\/2026\/04\/bolzplatz6_cover-1-scaled.jpg","type":"image\/jpeg"}],"twitter_card":"summary_large_image","twitter_misc":{"Est. reading time":"1 minute"},"schema":{"@context":"https:\/\/schema.org","@graph":[{"@type":"WebPage","@id":"https:\/\/bolzplatz-magazin.com\/produkt\/bolzplatz-1-2026\/","url":"https:\/\/bolzplatz-magazin.com\/produkt\/bolzplatz-1-2026\/","name":"Bolzplatz #1\/2026 -","isPartOf":{"@id":"https:\/\/bolzplatz-magazin.com\/#website"},"primaryImageOfPage":{"@id":"https:\/\/bolzplatz-magazin.com\/produkt\/bolzplatz-1-2026\/#primaryimage"},"image":{"@id":"https:\/\/bolzplatz-magazin.com\/produkt\/bolzplatz-1-2026\/#primaryimage"},"thumbnailUrl":"https:\/\/bolzplatz-magazin.com\/wp-content\/uploads\/2026\/04\/bolzplatz6_cover-1-scaled.jpg","datePublished":"2026-04-26T08:14:03+00:00","dateModified":"2026-04-28T09:46:07+00:00","description":"Fu\u00dfballmagazin f\u00fcr junge Kickerinnen und Kicker: mit Trainer- und WM-Spezial, Gewinnspiel, Florian Wirtz und Jamal Musiala als Superheroes im Fu\u00dfballmuseum.","breadcrumb":{"@id":"https:\/\/bolzplatz-magazin.com\/produkt\/bolzplatz-1-2026\/#breadcrumb"},"inLanguage":"en-US","potentialAction":[{"@type":"ReadAction","target":["https:\/\/bolzplatz-magazin.com\/produkt\/bolzplatz-1-2026\/"]}]},{"@type":"ImageObject","inLanguage":"en-US","@id":"https:\/\/bolzplatz-magazin.com\/produkt\/bolzplatz-1-2026\/#primaryimage","url":"https:\/\/bolzplatz-magazin.com\/wp-content\/uploads\/2026\/04\/bolzplatz6_cover-1-scaled.jpg","contentUrl":"https:\/\/bolzplatz-magazin.com\/wp-content\/uploads\/2026\/04\/bolzplatz6_cover-1-scaled.jpg","width":1813,"height":2560},{"@type":"BreadcrumbList","@id":"https:\/\/bolzplatz-magazin.com\/produkt\/bolzplatz-1-2026\/#breadcrumb","itemListElement":[{"@type":"ListItem","position":1,"name":"Startseite","item":"https:\/\/bolzplatz-magazin.com\/"},{"@type":"ListItem","position":2,"name":"Shop","item":"https:\/\/bolzplatz-magazin.com\/shop\/"},{"@type":"ListItem","position":3,"name":"Bolzplatz #1\/2026"}]},{"@type":"WebSite","@id":"https:\/\/bolzplatz-magazin.com\/#website","url":"https:\/\/bolzplatz-magazin.com\/","name":"Bolzplatz-Magazin","description":"Online-Fu\u00dfball-Magazin f\u00fcr Kinder","publisher":{"@id":"https:\/\/bolzplatz-magazin.com\/#organization"},"potentialAction":[{"@type":"SearchAction","target":{"@type":"EntryPoint","urlTemplate":"https:\/\/bolzplatz-magazin.com\/?s={search_term_string}"},"query-input":{"@type":"PropertyValueSpecification","valueRequired":true,"valueName":"search_term_string"}}],"inLanguage":"en-US"},{"@type":"Organization","@id":"https:\/\/bolzplatz-magazin.com\/#organization","name":"Bolzplatz-Magazin","url":"https:\/\/bolzplatz-magazin.com\/","logo":{"@type":"ImageObject","inLanguage":"en-US","@id":"https:\/\/bolzplatz-magazin.com\/#\/schema\/logo\/image\/","url":"https:\/\/bolzplatz-magazin.com\/wp-content\/uploads\/2023\/01\/cropped-Football-Icon.png","contentUrl":"https:\/\/bolzplatz-magazin.com\/wp-content\/uploads\/2023\/01\/cropped-Football-Icon.png","width":100,"height":100,"caption":"Bolzplatz-Magazin"},"image":{"@id":"https:\/\/bolzplatz-magazin.com\/#\/schema\/logo\/image\/"},"sameAs":["https:\/\/www.instagram.com\/bolzplatzmag\/","https:\/\/www.tiktok.com\/@bolzplatzmag","https:\/\/www.youtube.com\/@bolzplatzmag"]}]}},"_links":{"self":[{"href":"https:\/\/bolzplatz-magazin.com\/en\/wp-json\/wp\/v2\/product\/11372","targetHints":{"allow":["GET"]}}],"collection":[{"href":"https:\/\/bolzplatz-magazin.com\/en\/wp-json\/wp\/v2\/product"}],"about":[{"href":"https:\/\/bolzplatz-magazin.com\/en\/wp-json\/wp\/v2\/types\/product"}],"wp:featuredmedia":[{"embeddable":true,"href":"https:\/\/bolzplatz-magazin.com\/en\/wp-json\/wp\/v2\/media\/11381"}],"wp:attachment":[{"href":"https:\/\/bolzplatz-magazin.com\/en\/wp-json\/wp\/v2\/media?parent=11372"}],"wp:term":[{"taxonomy":"product_brand","embeddable":true,"href":"https:\/\/bolzplatz-magazin.com\/en\/wp-json\/wp\/v2\/product_brand?post=11372"},{"taxonomy":"product_cat","embeddable":true,"href":"https:\/\/bolzplatz-magazin.com\/en\/wp-json\/wp\/v2\/product_cat?post=11372"},{"taxonomy":"product_tag","embeddable":true,"href":"https:\/\/bolzplatz-magazin.com\/en\/wp-json\/wp\/v2\/product_tag?post=11372"}],"curies":[{"name":"wp","href":"https:\/\/api.w.org\/{rel}","templated":true}]}}